{"id":116,"date":"2022-01-17T11:12:40","date_gmt":"2022-01-17T11:12:40","guid":{"rendered":"https:\/\/dirfut.com?page_id=116"},"modified":"2024-12-29T17:34:50","modified_gmt":"2024-12-29T16:34:50","slug":"home","status":"publish","type":"page","link":"https:\/\/dirfut.com\/es\/","title":{"rendered":"DirFut: Consultor\u00eda An\u00e1lisis F\u00fatbol"},"content":{"rendered":"<div class=\"vc_row wpb_row vc_row-fluid\"><div class=\"wpb_column vc_column_container vc_col-sm-12\"><div class=\"vc_column-inner\"><div class=\"wpb_wrapper\">\n<!-- Post Loop -->\n<div  class=\"card card--clean mb-0\">\n\n\t\n\t<div class=\"card__content\">\n\n\t\t\n\t\t\t\n\t\t\t<div class=\"posts posts--cards post-grid post-grid--2cols row posts--excerpt-hide\">\n\n\t\t\t\t\n<article class=\"post-grid__item col-sm-6 posts__item--category-1 post-26129 post type-post status-publish format-standard has-post-thumbnail hentry category-tactics\">\n\t<div class=\"posts__item posts__item--card card\">\n\n\t\t\t\t\t<figure class=\"posts__thumb\">\n\t\t\t\t<div class=\"posts__cat\"><span class=\"label posts__cat-label posts__cat-label--category-1 category-tactics\">T\u00e1ctica<\/span><\/div>\t\t\t\t<a href=\"https:\/\/dirfut.com\/es\/el-problema-de-postecoglou-analisis-tottenham\/\"><img loading=\"lazy\" decoding=\"async\" width=\"1280\" height=\"720\" src=\"https:\/\/dirfut.com\/wp-content\/uploads\/2024\/12\/ANGE0-png.webp\" class=\"attachment-full size-full not-transparent wp-post-image\" alt=\"\" srcset=\"https:\/\/dirfut.com\/wp-content\/uploads\/2024\/12\/ANGE0-png.webp 1280w, https:\/\/dirfut.com\/wp-content\/uploads\/2024\/12\/ANGE0-300x169.webp 300w, https:\/\/dirfut.com\/wp-content\/uploads\/2024\/12\/ANGE0-1024x576.webp 1024w, https:\/\/dirfut.com\/wp-content\/uploads\/2024\/12\/ANGE0-768x432.webp 768w, https:\/\/dirfut.com\/wp-content\/uploads\/2024\/12\/ANGE0-18x10.webp 18w, https:\/\/dirfut.com\/wp-content\/uploads\/2024\/12\/ANGE0-128x72.webp 128w, https:\/\/dirfut.com\/wp-content\/uploads\/2024\/12\/ANGE0-32x18.webp 32w, https:\/\/dirfut.com\/wp-content\/uploads\/2024\/12\/ANGE0-500x280.webp 500w, https:\/\/dirfut.com\/wp-content\/uploads\/2024\/12\/ANGE0-356x200.webp 356w, https:\/\/dirfut.com\/wp-content\/uploads\/2024\/12\/ANGE0-470x264.webp 470w, https:\/\/dirfut.com\/wp-content\/uploads\/2024\/12\/ANGE0-70x39.webp 70w, https:\/\/dirfut.com\/wp-content\/uploads\/2024\/12\/ANGE0-100x56.webp 100w\" sizes=\"auto, (max-width: 1280px) 100vw, 1280px\" data-has-transparency=\"false\" data-dominant-color=\"8a9b7b\" style=\"--dominant-color: #8a9b7b;\" \/><\/a>\n\t\t\t\t\t\t\t<\/figure>\n\t\t\n\t\t<div class=\"posts__inner card__content\">\n\t\t\t\t\t\t<a href=\"https:\/\/dirfut.com\/es\/el-problema-de-postecoglou-analisis-tottenham\/\" class=\"posts__cta\"><\/a>\n\t\t\t\t\t\t\t\t<time datetime=\"2024-12-29T15:23:03+01:00\" class=\"posts__date\">29 diciembre 2024<\/time>\n\t\t\t\t\t<h2 class=\"posts__title\"><a href=\"https:\/\/dirfut.com\/es\/el-problema-de-postecoglou-analisis-tottenham\/\" rel=\"bookmark\">EL PROBLEMA DE POSTECOGLOU | AN\u00c1LISIS TOTTENHAM<\/a><\/h2>\t\t\t<div class=\"posts__excerpt\">\n\t\t\t\t...\n\t\t\t\t\t\t\t<\/div>\n\t\t<\/div>\n\n\t\t<footer class=\"posts__footer card__footer\">\n\t\t\t<div class=\"post__meta meta\"><\/div>\t\t<\/footer>\n\n\n\n\t<\/div>\n<\/article><!-- #post-## -->\n\n<article class=\"post-grid__item col-sm-6 posts__item--category-1 post-26029 post type-post status-publish format-standard has-post-thumbnail hentry category-la-liga category-tactical-evolution\">\n\t<div class=\"posts__item posts__item--card card\">\n\n\t\t\t\t\t<figure class=\"posts__thumb\">\n\t\t\t\t<div class=\"posts__cat\"><span class=\"label posts__cat-label posts__cat-label--category-1 category-la-liga\">La Liga<\/span><span class=\"label posts__cat-label posts__cat-label--category-1 category-tactical-evolution\">Evoluci\u00f3n T\u00e1ctica<\/span><\/div>\t\t\t\t<a href=\"https:\/\/dirfut.com\/es\/la-evolucion-tactica-de-jude-bellingham-en-el-real-madrid\/\"><img loading=\"lazy\" decoding=\"async\" width=\"1280\" height=\"720\" src=\"https:\/\/dirfut.com\/wp-content\/uploads\/2024\/10\/Bellingham-0.png\" class=\"attachment-full size-full wp-post-image\" alt=\"\" srcset=\"https:\/\/dirfut.com\/wp-content\/uploads\/2024\/10\/Bellingham-0.png 1280w, https:\/\/dirfut.com\/wp-content\/uploads\/2024\/10\/Bellingham-0-300x169.png 300w, https:\/\/dirfut.com\/wp-content\/uploads\/2024\/10\/Bellingham-0-1024x576.png 1024w, https:\/\/dirfut.com\/wp-content\/uploads\/2024\/10\/Bellingham-0-768x432.png 768w, https:\/\/dirfut.com\/wp-content\/uploads\/2024\/10\/Bellingham-0-18x10.png 18w, https:\/\/dirfut.com\/wp-content\/uploads\/2024\/10\/Bellingham-0-128x72.png 128w, https:\/\/dirfut.com\/wp-content\/uploads\/2024\/10\/Bellingham-0-32x18.png 32w, https:\/\/dirfut.com\/wp-content\/uploads\/2024\/10\/Bellingham-0-500x280.png 500w, https:\/\/dirfut.com\/wp-content\/uploads\/2024\/10\/Bellingham-0-356x200.png 356w, https:\/\/dirfut.com\/wp-content\/uploads\/2024\/10\/Bellingham-0-470x264.png 470w, https:\/\/dirfut.com\/wp-content\/uploads\/2024\/10\/Bellingham-0-70x39.png 70w, https:\/\/dirfut.com\/wp-content\/uploads\/2024\/10\/Bellingham-0-100x56.png 100w\" sizes=\"auto, (max-width: 1280px) 100vw, 1280px\" \/><\/a>\n\t\t\t\t\t\t\t<\/figure>\n\t\t\n\t\t<div class=\"posts__inner card__content\">\n\t\t\t\t\t\t<a href=\"https:\/\/dirfut.com\/es\/la-evolucion-tactica-de-jude-bellingham-en-el-real-madrid\/\" class=\"posts__cta\"><\/a>\n\t\t\t\t\t\t\t\t<time datetime=\"2024-10-09T00:00:59+01:00\" class=\"posts__date\">9 octubre 2024<\/time>\n\t\t\t\t\t<h2 class=\"posts__title\"><a href=\"https:\/\/dirfut.com\/es\/la-evolucion-tactica-de-jude-bellingham-en-el-real-madrid\/\" rel=\"bookmark\">La evoluci\u00f3n t\u00e1ctica de Jude Bellingham en el Real Madrid<\/a><\/h2>\t\t\t<div class=\"posts__excerpt\">\n\t\t\t\t...\n\t\t\t\t\t\t\t<\/div>\n\t\t<\/div>\n\n\t\t<footer class=\"posts__footer card__footer\">\n\t\t\t<div class=\"post__meta meta\"><\/div>\t\t<\/footer>\n\n\n\n\t<\/div>\n<\/article><!-- #post-## -->\n\n\t\t\t<\/div><!-- .posts -->\n\n\t\t\t\n\t\t\t\n\t\t\t\n\t\t\n\t<\/div>\n\n\n\n<\/div>\n<!-- Post Loop \/ End -->\n\n<!-- Widget: Player Stats -->\n<div  class=\"widget card widget-player  widget-player--soccer widget-player-69d2a12fba210\">\n\t\n\t\t<div class=\"widget-player__inner\">\n\n\t\t\t\t\t<a href=\"https:\/\/dirfut.com\/es\/player\/axel-disasi\/\" class=\"widget-player__link-layer\"><\/a>\n\t\t\n\t\t<div class=\"widget-player__ribbon\">\n\t\t\t<div class=\"fas fa-futbol\"><\/div>\n\t\t<\/div>\n\n\t\t<figure class=\"widget-player__photo\">\n\t\t\t<img loading=\"lazy\" decoding=\"async\" width=\"189\" height=\"198\" src=\"https:\/\/dirfut.com\/wp-content\/uploads\/2024\/10\/Axel-Disasi-189x198.png\" class=\"attachment-alchemists_thumbnail-player-sm size-alchemists_thumbnail-player-sm\" alt=\"\" \/>\t\t<\/figure>\n\n\t\t<header class=\"widget-player__header clearfix\">\n\t\t\t\t\t\t<div class=\"widget-player__number\"><\/div>\n\t\t\t\n\t\t\t<h4 class=\"widget-player__name\">\n\t\t\t\tAxel Disasi\t\t\t<\/h4>\n\t\t<\/header>\n\n\t\t<div class=\"widget-player__content\">\n\t\t\t<div class=\"widget-player__content-inner\">\n\n\t\t\t\t\t\t\t\t\t\t\t\t\t\t\t\t\t\t\t\t\t\t\t\t\t\t\t\t\t\t\n\t\t\t\t\t\t\t\t\t<div class=\"widget-player__stat\">\n\t\t\t\t\t\t\t\t\t\t<div class=\"widget-player__stat-number\">35<\/div>\n\t\t\t\t\t\t\t\t\t\t<h6 class=\"widget-player__stat-label\">VAL<\/h6>\n\t\t\t\t\t\t\t\t\t<\/div>\n\n\t\t\t\t\t\t\t\t\n\t\t\t\t\t\t\t\t\t\t\t\t\t\t\t\t\t\t\t\t\t\t\t\t\t\t\t\t\n\t\t\t\t\t\t\t\t\t<div class=\"widget-player__stat\">\n\t\t\t\t\t\t\t\t\t\t<div class=\"widget-player__stat-number\">4.5<\/div>\n\t\t\t\t\t\t\t\t\t\t<h6 class=\"widget-player__stat-label\">SAL<\/h6>\n\t\t\t\t\t\t\t\t\t<\/div>\n\n\t\t\t\t\t\t\t\t\n\t\t\t\t\t\t\t\t\t\t\t\t\t\t\t\t\t\t\t\t\t\t\t\t\t<\/div>\n\n\t\t\t\t\t\t\t<div class=\"widget-player__content-alt\">\n\n\t\t\t\t\t\n\t\t\t\t\t\t\n\t\t\t\t\t\t\t\t\t\t<div class=\"progress-stats\">\n\t\t\t\t\t\t\t\t\t\t\t<div class=\"progress__label\">RAT<\/div>\n\t\t\t\t\t\t\t\t\t\t\t<div class=\"progress\">\n\t\t\t\t\t\t\t\t\t\t\t\t<div class=\"progress__bar progress__bar--success\" role=\"progressbar\" aria-valuenow=\"80\" aria-valuemin=\"0\" aria-valuemax=\"100\" style=\"width: 80%\"><\/div>\n\t\t\t\t\t\t\t\t\t\t\t<\/div>\n\t\t\t\t\t\t\t\t\t\t\t<div class=\"progress__number\">80%<\/div>\n\t\t\t\t\t\t\t\t\t\t<\/div>\n\n\t\t\t\t\t\t\t\t\t\n\t\t\t\t\t\t\t\t\t\t<div class=\"progress-stats\">\n\t\t\t\t\t\t\t\t\t\t\t<div class=\"progress__label\">PRO<\/div>\n\t\t\t\t\t\t\t\t\t\t\t<div class=\"progress\">\n\t\t\t\t\t\t\t\t\t\t\t\t<div class=\"progress__bar progress__bar--success\" role=\"progressbar\" aria-valuenow=\"82\" aria-valuemin=\"0\" aria-valuemax=\"100\" style=\"width: 82%\"><\/div>\n\t\t\t\t\t\t\t\t\t\t\t<\/div>\n\t\t\t\t\t\t\t\t\t\t\t<div class=\"progress__number\">82%<\/div>\n\t\t\t\t\t\t\t\t\t\t<\/div>\n\n\t\t\t\t\t\t\t\t\t\n\t\t\t\t\t\n\t\t\t\t<\/div>\n\t\t\t\n\t\t<\/div>\n\n\t<\/div>\n\t\n\n\t\n<\/div>\n<!-- Widget: Player Stats \/ End -->\n<\/div><\/div><\/div><\/div><div class=\"vc_row wpb_row vc_row-fluid\"><div class=\"wpb_column vc_column_container vc_col-sm-12\"><div class=\"vc_column-inner\"><div class=\"wpb_wrapper\"><\/div><\/div><\/div><\/div>","protected":false},"excerpt":{"rendered":"Attacking midfielder or left winger? Jude Bellingham's tactical evolution at Real Madrid began in his first season (23\/24). Ancelotti used him in the first games as an attacking midfielder, scoring 10 goals in his first 10 games. In those games we could see Jude playing inside, both in and out of possesion. When Real Madrid...","protected":false},"author":1,"featured_media":0,"parent":0,"menu_order":0,"comment_status":"closed","ping_status":"closed","template":"template-full-width.php","meta":{"_relevanssi_hide_post":"","_relevanssi_hide_content":"","_relevanssi_pin_for_all":"","_relevanssi_pin_keywords":"","_relevanssi_unpin_keywords":"","_relevanssi_related_keywords":"","_relevanssi_related_include_ids":"","_relevanssi_related_exclude_ids":"","_relevanssi_related_no_append":"","_relevanssi_related_not_related":"","_relevanssi_related_posts":"","_relevanssi_noindex_reason":"","footnotes":""},"class_list":["post-116","page","type-page","status-publish","hentry"],"aioseo_notices":[],"_links":{"self":[{"href":"https:\/\/dirfut.com\/es\/wp-json\/wp\/v2\/pages\/116","targetHints":{"allow":["GET"]}}],"collection":[{"href":"https:\/\/dirfut.com\/es\/wp-json\/wp\/v2\/pages"}],"about":[{"href":"https:\/\/dirfut.com\/es\/wp-json\/wp\/v2\/types\/page"}],"author":[{"embeddable":true,"href":"https:\/\/dirfut.com\/es\/wp-json\/wp\/v2\/users\/1"}],"replies":[{"embeddable":true,"href":"https:\/\/dirfut.com\/es\/wp-json\/wp\/v2\/comments?post=116"}],"version-history":[{"count":92,"href":"https:\/\/dirfut.com\/es\/wp-json\/wp\/v2\/pages\/116\/revisions"}],"predecessor-version":[{"id":26142,"href":"https:\/\/dirfut.com\/es\/wp-json\/wp\/v2\/pages\/116\/revisions\/26142"}],"wp:attachment":[{"href":"https:\/\/dirfut.com\/es\/wp-json\/wp\/v2\/media?parent=116"}],"curies":[{"name":"wp","href":"https:\/\/api.w.org\/{rel}","templated":true}]}}