{"id":26053,"date":"2024-10-09T00:07:12","date_gmt":"2024-10-08T23:07:12","guid":{"rendered":"https:\/\/dirfut.com\/?page_id=26053"},"modified":"2024-10-09T00:07:12","modified_gmt":"2024-10-08T23:07:12","slug":"about-us","status":"publish","type":"page","link":"https:\/\/dirfut.com\/es\/sobre-nosotros\/","title":{"rendered":"Nosotros"},"content":{"rendered":"<div class=\"vc_row wpb_row vc_row-fluid\"><div class=\"wpb_column vc_column_container vc_col-sm-12\"><div class=\"vc_column-inner\"><div class=\"wpb_wrapper\"><div class=\"vc_empty_space\"   style=\"height: 32px\"><span class=\"vc_empty_space_inner\"><\/span><\/div>\n\t<div class=\"wpb_text_column wpb_content_element\" >\n\t\t<div class=\"wpb_wrapper\">\n\t\t\t<h2 style=\"text-align: center;\">\u00bfQu\u00e9 es DirFut?<\/h2>\n\n\t\t<\/div>\n\t<\/div>\n<div class=\"vc_empty_space\"   style=\"height: 32px\"><span class=\"vc_empty_space_inner\"><\/span><\/div>\n\t<div class=\"wpb_text_column wpb_content_element\" >\n\t\t<div class=\"wpb_wrapper\">\n\t\t\t<p style=\"text-align: center;\">DirFut es una consultor\u00eda de an\u00e1lisis de f\u00fatbol que asesora a clubes, jugadores y medios de comunicaci\u00f3n. Trabajamos en diferentes pa\u00edses del mundo con el objetivo de aportar conocimiento futbol\u00edstico. Hacemos uso del an\u00e1lisis t\u00e1ctico y el dato de forma combinada. En esta web tienes ejemplos de nuestros an\u00e1lisis t\u00e1cticos y de nuestros informes de scouting.<\/p>\n\n\t\t<\/div>\n\t<\/div>\n<div class=\"vc_empty_space\"   style=\"height: 32px\"><span class=\"vc_empty_space_inner\"><\/span><\/div>\n\t<div class=\"wpb_text_column wpb_content_element\" >\n\t\t<div class=\"wpb_wrapper\">\n\t\t\t<h2 style=\"text-align: center;\">Creador<\/h2>\n\n\t\t<\/div>\n\t<\/div>\n<div class=\"vc_empty_space\"   style=\"height: 32px\"><span class=\"vc_empty_space_inner\"><\/span><\/div>\n\t<div class=\"wpb_text_column wpb_content_element\" >\n\t\t<div class=\"wpb_wrapper\">\n\t\t\t<p style=\"text-align: center;\">DirFut ha sido fundado por Sergio Fern\u00e1ndez Gonz\u00e1lez (Oviedo, 1994). Es nuestro director de f\u00fatbol, ha trabajado en m\u00faltiples clubes y es comentarista de TV (El Chiringuito y DAZN) y radio (COPE).<\/p>\n\n\t\t<\/div>\n\t<\/div>\n<div class=\"vc_empty_space\"   style=\"height: 32px\"><span class=\"vc_empty_space_inner\"><\/span><\/div>\n\t<div class=\"wpb_text_column wpb_content_element\" >\n\t\t<div class=\"wpb_wrapper\">\n\t\t\t<h2 style=\"text-align: center;\">Contacto<\/h2>\n\n\t\t<\/div>\n\t<\/div>\n<div class=\"vc_empty_space\"   style=\"height: 32px\"><span class=\"vc_empty_space_inner\"><\/span><\/div>\n\t<div class=\"wpb_text_column wpb_content_element\" >\n\t\t<div class=\"wpb_wrapper\">\n\t\t\t<p style=\"text-align: center;\">Nuestra sede est\u00e1 en Madrid pero puedes contactarnos en info@dirfut.com<\/p>\n\n\t\t<\/div>\n\t<\/div>\n<div class=\"vc_empty_space\"   style=\"height: 32px\"><span class=\"vc_empty_space_inner\"><\/span><\/div><\/div><\/div><\/div><\/div>","protected":false},"excerpt":{"rendered":"What is DirFut? DirFut is a football analysis consultancy that advises clubs, players and media. We work in different countries around the world with the aim of providing football knowledge. We use tactical analysis and data in a combined way. On this website you can find examples of our tactical analysis and our scouting reports....","protected":false},"author":1,"featured_media":0,"parent":0,"menu_order":0,"comment_status":"closed","ping_status":"closed","template":"","meta":{"_relevanssi_hide_post":"","_relevanssi_hide_content":"","_relevanssi_pin_for_all":"","_relevanssi_pin_keywords":"","_relevanssi_unpin_keywords":"","_relevanssi_related_keywords":"","_relevanssi_related_include_ids":"","_relevanssi_related_exclude_ids":"","_relevanssi_related_no_append":"","_relevanssi_related_not_related":"","_relevanssi_related_posts":"","_relevanssi_noindex_reason":"","footnotes":""},"class_list":["post-26053","page","type-page","status-publish","hentry"],"aioseo_notices":[],"_links":{"self":[{"href":"https:\/\/dirfut.com\/es\/wp-json\/wp\/v2\/pages\/26053","targetHints":{"allow":["GET"]}}],"collection":[{"href":"https:\/\/dirfut.com\/es\/wp-json\/wp\/v2\/pages"}],"about":[{"href":"https:\/\/dirfut.com\/es\/wp-json\/wp\/v2\/types\/page"}],"author":[{"embeddable":true,"href":"https:\/\/dirfut.com\/es\/wp-json\/wp\/v2\/users\/1"}],"replies":[{"embeddable":true,"href":"https:\/\/dirfut.com\/es\/wp-json\/wp\/v2\/comments?post=26053"}],"version-history":[{"count":3,"href":"https:\/\/dirfut.com\/es\/wp-json\/wp\/v2\/pages\/26053\/revisions"}],"predecessor-version":[{"id":26056,"href":"https:\/\/dirfut.com\/es\/wp-json\/wp\/v2\/pages\/26053\/revisions\/26056"}],"wp:attachment":[{"href":"https:\/\/dirfut.com\/es\/wp-json\/wp\/v2\/media?parent=26053"}],"curies":[{"name":"wp","href":"https:\/\/api.w.org\/{rel}","templated":true}]}}